{"id":1450,"date":"2016-12-07T13:18:22","date_gmt":"2016-12-07T13:18:22","guid":{"rendered":"http:\/\/www.masella.com\/blog\/ca\/?page_id=1450"},"modified":"2016-12-07T13:25:18","modified_gmt":"2016-12-07T13:25:18","slug":"bon-temps-purissima","status":"publish","type":"page","link":"https:\/\/www.masella.com\/blog\/ca\/bon-temps-purissima\/","title":{"rendered":"BON TEMPS PER LA PUR\u00cdSSIMA"},"content":{"rendered":"<p style=\"text-align: justify;\"><strong>BON TEMPS A PISTES: <\/strong>Avui les temperatures han sigut fredes de nit i son \u00a0temperades de dia, amb vent en calma, ambient sec que afavoreix una bona qualitat de la neu, visibilitat bona i ambient assolellat. Aquest patr\u00f3 de temps es mantindr\u00e0 fins el diumenge, aix\u00ed que durant tots els dies que resten per aquesta segona meitat del Pont de la Pur\u00edssima la meteorologia ser\u00e0 excel\u00b7lent per esquiar.<\/p>\n<p style=\"text-align: justify;\"><a href=\"http:\/\/www.masella.com\/blog\/wp-content\/uploads\/2016\/12\/009FD.jpg\"><img loading=\"lazy\" decoding=\"async\" class=\"alignnone size-full wp-image-1451\" src=\"http:\/\/www.masella.com\/blog\/wp-content\/uploads\/2016\/12\/009FD.jpg\" alt=\"009fd\" width=\"1200\" height=\"900\" srcset=\"https:\/\/www.masella.com\/blog\/wp-content\/uploads\/2016\/12\/009FD.jpg 1200w, https:\/\/www.masella.com\/blog\/wp-content\/uploads\/2016\/12\/009FD-300x225.jpg 300w, https:\/\/www.masella.com\/blog\/wp-content\/uploads\/2016\/12\/009FD-768x576.jpg 768w, https:\/\/www.masella.com\/blog\/wp-content\/uploads\/2016\/12\/009FD-1024x768.jpg 1024w\" sizes=\"(max-width: 1200px) 100vw, 1200px\" \/><\/a><\/p>\n<p style=\"text-align: justify;\"><strong>PISTES AMB MILLORS CONDICIONS A COTES MITGES I ALTES:<\/strong> Aquesta Pur\u00edssima tenim neu natural gr\u00e0cies a les nevades del novembre i neu produ\u00efda fruit dels treballs de producci\u00f3 de neu amb la moderna xarxa de qu\u00e8 disposa l\u2019estaci\u00f3. A totes les cotes i en tots els eixos b\u00e0sics de l\u2019estaci\u00f3 hi ha neu pols-produ\u00efda que es mant\u00e9 bona pel fressat diari de les m\u00e0quines trepitjaneus i per l\u2019ambient sec, tan caracter\u00edstic de la Cerdanya. Tenim el 100% del desnivell esquiable obert; \u00e9s a dir es pot esquiar des del cim de la Tosa-2535 m fins a la base de l\u2019estaci\u00f3, en el Pla de Masella-1600 m. Les millors condicions de neu per aquest Pont de la Pur\u00edssima les tenim a les cotes mitges i altes amb bona neu, sobretot, per damunt de la cota 2000 m. Per sobre d\u2019aquesta altitud tenim neu en \u00f2ptimes condicions i hi ha oberts tots els sectors de l\u2019estaci\u00f3 que s\u00f3n d\u2019Est a Oest: Dues Estacions, que enlla\u00e7a amb Alp 2500 que tamb\u00e9 \u00e9s obert, La Tosa, Coma Pregona i els Isards.<\/p>\n<p style=\"text-align: justify;\">Les condicions previstes pel pont s\u00f3n:<\/p>\n<p style=\"text-align: justify;\"><strong>Desnivell: <\/strong>100% del desnivell esquiable obert, que amb 935 m de desnivell \u00e9s dels m\u00e9s importants oberts en tots els Pirineus.<\/p>\n<p style=\"text-align: justify;\"><strong>Neu:<\/strong> 15 a 40 cm de neu pols<\/p>\n<p style=\"text-align: justify;\"><strong>Remuntadors:<\/strong> 15 oberts, amb 3 cintes (Jard\u00ed de Neu, La Cinta, Pastors i Pastorets), amb 4 telecadires: Jumbo Tosa, Masella Jet, Coma Oriola i TGV), amb 5 teleesqu\u00eds (Debutants de Coma Oriola, Raso, Tosa, Esl\u00e0lom i Parc de Neu) i amb 2 telecordes (Telecorda del Pla de Masella i \u201cFreestyle\u201d).<\/p>\n<p style=\"text-align: justify;\"><strong>Pistes:<\/strong> 36<\/p>\n<p style=\"text-align: justify;\"><strong>Km esquiables.<\/strong> 41 km<\/p>\n<p style=\"text-align: justify;\"><strong>Sectors oberts:<\/strong> Isards, la Tosa, Cap del Bosc, Bosc d\u2019Alp, Coma Oriola, Pla de Masella, La Pleta i Coma Pregona.<\/p>\n","protected":false},"excerpt":{"rendered":"<p>BON TEMPS A PISTES: Avui les temperatures han sigut fredes de nit i son \u00a0temperades de dia, amb vent en<\/p>\n","protected":false},"author":4,"featured_media":1452,"parent":0,"menu_order":0,"comment_status":"closed","ping_status":"closed","template":"","meta":{"footnotes":""},"yoast_head":"<!-- This site is optimized with the Yoast SEO plugin v21.5 - https:\/\/yoast.com\/wordpress\/plugins\/seo\/ -->\n<title>BON TEMPS PER LA PUR\u00cdSSIMA - El Blog oficial de Masella<\/title>\n<meta name=\"robots\" content=\"index, follow, max-snippet:-1, max-image-preview:large, max-video-preview:-1\" \/>\n<link rel=\"canonical\" href=\"https:\/\/www.masella.com\/blog\/ca\/bon-temps-purissima\/\" \/>\n<meta property=\"og:locale\" content=\"ca_ES\" \/>\n<meta property=\"og:type\" content=\"article\" \/>\n<meta property=\"og:title\" content=\"BON TEMPS PER LA PUR\u00cdSSIMA - El Blog oficial de Masella\" \/>\n<meta property=\"og:description\" content=\"BON TEMPS A PISTES: Avui les temperatures han sigut fredes de nit i son \u00a0temperades de dia, amb vent en\" \/>\n<meta property=\"og:url\" content=\"https:\/\/www.masella.com\/blog\/ca\/bon-temps-purissima\/\" \/>\n<meta property=\"og:site_name\" content=\"El Blog oficial de Masella\" \/>\n<meta property=\"article:modified_time\" content=\"2016-12-07T13:25:18+00:00\" \/>\n<meta property=\"og:image\" content=\"https:\/\/www.masella.com\/blog\/wp-content\/uploads\/2016\/12\/001FD.jpg\" \/>\n\t<meta property=\"og:image:width\" content=\"1200\" \/>\n\t<meta property=\"og:image:height\" content=\"900\" \/>\n\t<meta property=\"og:image:type\" content=\"image\/jpeg\" \/>\n<meta name=\"twitter:card\" content=\"summary_large_image\" \/>\n<meta name=\"twitter:label1\" content=\"Temps estimat de lectura\" \/>\n\t<meta name=\"twitter:data1\" content=\"2 minuts\" \/>\n<script type=\"application\/ld+json\" class=\"yoast-schema-graph\">{\"@context\":\"https:\/\/schema.org\",\"@graph\":[{\"@type\":\"WebPage\",\"@id\":\"https:\/\/www.masella.com\/blog\/ca\/bon-temps-purissima\/\",\"url\":\"https:\/\/www.masella.com\/blog\/ca\/bon-temps-purissima\/\",\"name\":\"BON TEMPS PER LA PUR\u00cdSSIMA - El Blog oficial de Masella\",\"isPartOf\":{\"@id\":\"https:\/\/www.masella.com\/blog\/ca\/#website\"},\"datePublished\":\"2016-12-07T13:18:22+00:00\",\"dateModified\":\"2016-12-07T13:25:18+00:00\",\"breadcrumb\":{\"@id\":\"https:\/\/www.masella.com\/blog\/ca\/bon-temps-purissima\/#breadcrumb\"},\"inLanguage\":\"ca\",\"potentialAction\":[{\"@type\":\"ReadAction\",\"target\":[\"https:\/\/www.masella.com\/blog\/ca\/bon-temps-purissima\/\"]}]},{\"@type\":\"BreadcrumbList\",\"@id\":\"https:\/\/www.masella.com\/blog\/ca\/bon-temps-purissima\/#breadcrumb\",\"itemListElement\":[{\"@type\":\"ListItem\",\"position\":1,\"name\":\"Portada\",\"item\":\"https:\/\/www.masella.com\/blog\/ca\/\"},{\"@type\":\"ListItem\",\"position\":2,\"name\":\"BON TEMPS PER LA PUR\u00cdSSIMA\"}]},{\"@type\":\"WebSite\",\"@id\":\"https:\/\/www.masella.com\/blog\/ca\/#website\",\"url\":\"https:\/\/www.masella.com\/blog\/ca\/\",\"name\":\"El Blog oficial de Masella\",\"description\":\"\",\"publisher\":{\"@id\":\"https:\/\/www.masella.com\/blog\/ca\/#organization\"},\"potentialAction\":[{\"@type\":\"SearchAction\",\"target\":{\"@type\":\"EntryPoint\",\"urlTemplate\":\"https:\/\/www.masella.com\/blog\/ca\/?s={search_term_string}\"},\"query-input\":\"required name=search_term_string\"}],\"inLanguage\":\"ca\"},{\"@type\":\"Organization\",\"@id\":\"https:\/\/www.masella.com\/blog\/ca\/#organization\",\"name\":\"El Blog oficial de Masella\",\"url\":\"https:\/\/www.masella.com\/blog\/ca\/\",\"logo\":{\"@type\":\"ImageObject\",\"inLanguage\":\"ca\",\"@id\":\"https:\/\/www.masella.com\/blog\/ca\/#\/schema\/logo\/image\/\",\"url\":\"https:\/\/www.masella.com\/blog\/wp-content\/uploads\/2022\/12\/cropped-logo-masella-cat.png\",\"contentUrl\":\"https:\/\/www.masella.com\/blog\/wp-content\/uploads\/2022\/12\/cropped-logo-masella-cat.png\",\"width\":150,\"height\":88,\"caption\":\"El Blog oficial de Masella\"},\"image\":{\"@id\":\"https:\/\/www.masella.com\/blog\/ca\/#\/schema\/logo\/image\/\"}}]}<\/script>\n<!-- \/ Yoast SEO plugin. -->","yoast_head_json":{"title":"BON TEMPS PER LA PUR\u00cdSSIMA - El Blog oficial de Masella","robots":{"index":"index","follow":"follow","max-snippet":"max-snippet:-1","max-image-preview":"max-image-preview:large","max-video-preview":"max-video-preview:-1"},"canonical":"https:\/\/www.masella.com\/blog\/ca\/bon-temps-purissima\/","og_locale":"ca_ES","og_type":"article","og_title":"BON TEMPS PER LA PUR\u00cdSSIMA - El Blog oficial de Masella","og_description":"BON TEMPS A PISTES: Avui les temperatures han sigut fredes de nit i son \u00a0temperades de dia, amb vent en","og_url":"https:\/\/www.masella.com\/blog\/ca\/bon-temps-purissima\/","og_site_name":"El Blog oficial de Masella","article_modified_time":"2016-12-07T13:25:18+00:00","og_image":[{"width":1200,"height":900,"url":"https:\/\/www.masella.com\/blog\/wp-content\/uploads\/2016\/12\/001FD.jpg","type":"image\/jpeg"}],"twitter_card":"summary_large_image","twitter_misc":{"Temps estimat de lectura":"2 minuts"},"schema":{"@context":"https:\/\/schema.org","@graph":[{"@type":"WebPage","@id":"https:\/\/www.masella.com\/blog\/ca\/bon-temps-purissima\/","url":"https:\/\/www.masella.com\/blog\/ca\/bon-temps-purissima\/","name":"BON TEMPS PER LA PUR\u00cdSSIMA - El Blog oficial de Masella","isPartOf":{"@id":"https:\/\/www.masella.com\/blog\/ca\/#website"},"datePublished":"2016-12-07T13:18:22+00:00","dateModified":"2016-12-07T13:25:18+00:00","breadcrumb":{"@id":"https:\/\/www.masella.com\/blog\/ca\/bon-temps-purissima\/#breadcrumb"},"inLanguage":"ca","potentialAction":[{"@type":"ReadAction","target":["https:\/\/www.masella.com\/blog\/ca\/bon-temps-purissima\/"]}]},{"@type":"BreadcrumbList","@id":"https:\/\/www.masella.com\/blog\/ca\/bon-temps-purissima\/#breadcrumb","itemListElement":[{"@type":"ListItem","position":1,"name":"Portada","item":"https:\/\/www.masella.com\/blog\/ca\/"},{"@type":"ListItem","position":2,"name":"BON TEMPS PER LA PUR\u00cdSSIMA"}]},{"@type":"WebSite","@id":"https:\/\/www.masella.com\/blog\/ca\/#website","url":"https:\/\/www.masella.com\/blog\/ca\/","name":"El Blog oficial de Masella","description":"","publisher":{"@id":"https:\/\/www.masella.com\/blog\/ca\/#organization"},"potentialAction":[{"@type":"SearchAction","target":{"@type":"EntryPoint","urlTemplate":"https:\/\/www.masella.com\/blog\/ca\/?s={search_term_string}"},"query-input":"required name=search_term_string"}],"inLanguage":"ca"},{"@type":"Organization","@id":"https:\/\/www.masella.com\/blog\/ca\/#organization","name":"El Blog oficial de Masella","url":"https:\/\/www.masella.com\/blog\/ca\/","logo":{"@type":"ImageObject","inLanguage":"ca","@id":"https:\/\/www.masella.com\/blog\/ca\/#\/schema\/logo\/image\/","url":"https:\/\/www.masella.com\/blog\/wp-content\/uploads\/2022\/12\/cropped-logo-masella-cat.png","contentUrl":"https:\/\/www.masella.com\/blog\/wp-content\/uploads\/2022\/12\/cropped-logo-masella-cat.png","width":150,"height":88,"caption":"El Blog oficial de Masella"},"image":{"@id":"https:\/\/www.masella.com\/blog\/ca\/#\/schema\/logo\/image\/"}}]}},"_links":{"self":[{"href":"https:\/\/www.masella.com\/blog\/ca\/wp-json\/wp\/v2\/pages\/1450"}],"collection":[{"href":"https:\/\/www.masella.com\/blog\/ca\/wp-json\/wp\/v2\/pages"}],"about":[{"href":"https:\/\/www.masella.com\/blog\/ca\/wp-json\/wp\/v2\/types\/page"}],"author":[{"embeddable":true,"href":"https:\/\/www.masella.com\/blog\/ca\/wp-json\/wp\/v2\/users\/4"}],"replies":[{"embeddable":true,"href":"https:\/\/www.masella.com\/blog\/ca\/wp-json\/wp\/v2\/comments?post=1450"}],"version-history":[{"count":1,"href":"https:\/\/www.masella.com\/blog\/ca\/wp-json\/wp\/v2\/pages\/1450\/revisions"}],"predecessor-version":[{"id":1453,"href":"https:\/\/www.masella.com\/blog\/ca\/wp-json\/wp\/v2\/pages\/1450\/revisions\/1453"}],"wp:featuredmedia":[{"embeddable":true,"href":"https:\/\/www.masella.com\/blog\/ca\/wp-json\/wp\/v2\/media\/1452"}],"wp:attachment":[{"href":"https:\/\/www.masella.com\/blog\/ca\/wp-json\/wp\/v2\/media?parent=1450"}],"curies":[{"name":"wp","href":"https:\/\/api.w.org\/{rel}","templated":true}]}}