{"id":1454,"date":"2016-12-07T13:22:14","date_gmt":"2016-12-07T13:22:14","guid":{"rendered":"http:\/\/www.masella.com\/blog\/es\/?page_id=1454"},"modified":"2016-12-07T13:22:14","modified_gmt":"2016-12-07T13:22:14","slug":"inmaculada-con-buen-tiempo","status":"publish","type":"page","link":"https:\/\/www.masella.com\/blog\/es\/inmaculada-con-buen-tiempo\/","title":{"rendered":"INMACULADA CON BUEN TIEMPO"},"content":{"rendered":"<p style=\"text-align: justify;\"><strong>BUEN TIEMPO EN PISTAS:<\/strong> Hoy las temperaturas han sido fr\u00edas de noche y son templadas de d\u00eda, con viento en calma, ambiente seco que favorece una buena calidad de la nieve, visibilidad buena y ambiente soleado. Este patr\u00f3n de tiempo se mantendr\u00e1 hasta el domingo, as\u00ed que durante todos los d\u00edas que quedan para esta segunda mitad del Puente la meteorolog\u00eda ser\u00e1 excelente para esquiar.<\/p>\n<p style=\"text-align: justify;\"><a href=\"http:\/\/www.masella.com\/blog\/wp-content\/uploads\/2016\/12\/009FD.jpg\"><img loading=\"lazy\" decoding=\"async\" class=\"alignnone size-full wp-image-1451\" src=\"http:\/\/www.masella.com\/blog\/wp-content\/uploads\/2016\/12\/009FD.jpg\" alt=\"009fd\" width=\"1200\" height=\"900\" srcset=\"https:\/\/www.masella.com\/blog\/wp-content\/uploads\/2016\/12\/009FD.jpg 1200w, https:\/\/www.masella.com\/blog\/wp-content\/uploads\/2016\/12\/009FD-300x225.jpg 300w, https:\/\/www.masella.com\/blog\/wp-content\/uploads\/2016\/12\/009FD-768x576.jpg 768w, https:\/\/www.masella.com\/blog\/wp-content\/uploads\/2016\/12\/009FD-1024x768.jpg 1024w\" sizes=\"(max-width: 1200px) 100vw, 1200px\" \/><\/a><\/p>\n<p style=\"text-align: justify;\"><strong>PISTAS CON MEJORES CONDICIONES EN COTAS MEDIAS Y ALTAS:<\/strong> Este puente tenemos nieve natural gracias a las nevadas de noviembre y a la nieve producida fruto de los trabajos de producci\u00f3n de nieve con la moderna red de que dispone la estaci\u00f3n. En todas las cotas y en todos los ejes b\u00e1sicos de la estaci\u00f3n hay nieve polvo-producida que se mantiene buena por el trabajo diario de las m\u00e1quinas pisanieves y por el ambiente seco, tan caracter\u00edstico de la Cerdanya. Tenemos el 100% del desnivel esquiable abierto; es decir se puede esquiar desde la cima de la Tosa-2535 m hasta la base de la estaci\u00f3n, en el Pla de Masella-1600 m. Las mejores condiciones de nieve para este Puente de la Inmaculada las tenemos en las cotas medias y altas con buena nieve, especialmente por encima de la cota 2000 m. Por encima de esta altitud tenemos nieve en \u00f3ptimas condiciones y hay abiertos todos los sectores de la estaci\u00f3n que son de Este a Oeste: Dues Estaciones, que enlaza con Alp 2500 que tambi\u00e9n est\u00e1 abierto, La Tosa, Coma Pregona y los Isards.<\/p>\n<p style=\"text-align: justify;\">Las condiciones previstas para el puente son:<\/p>\n<p style=\"text-align: justify;\"><strong>Desnivel:<\/strong> 100% del desnivel esquiable abierto, que con 935 m de desnivel es de los m\u00e1s importantes abiertos en todos los Pirineos.<\/p>\n<p style=\"text-align: justify;\"><strong>Nieve:<\/strong> 15 a 40 cm de nieve polvo<\/p>\n<p style=\"text-align: justify;\"><strong>Remontes:<\/strong> 15 abiertos, con 3 cintas (Jard\u00ed de Neu, La Cinta, Pastors y Pastorets), con 4 telesillas: Jumbo Tosa, Masella Jet, Coma Oriola y TGV), con 5 telesqu\u00eds (Debutants de Coma Oriola, Rasos, Tosa, Eslalom y Parc de de Neu) y con 2 telecuerdas (Telecorda del Pla de Masella y \u00abFreestyle\u00bb).<\/p>\n<p style=\"text-align: justify;\"><strong>Pistas:<\/strong> 36<\/p>\n<p style=\"text-align: justify;\"><strong>Km esquiables:<\/strong> 41 km<\/p>\n<p style=\"text-align: justify;\"><strong>Sectores abiertos:<\/strong> Isards, la Tosa, Cap del Bosc, Bosc d\u2019Alp, Coma Oriola, Pla de Masella, La Pleta y Coma Pregona.<\/p>\n<p>&nbsp;<\/p>\n","protected":false},"excerpt":{"rendered":"<p>BUEN TIEMPO EN PISTAS: Hoy las temperaturas han sido fr\u00edas de noche y son templadas de d\u00eda, con viento en<\/p>\n","protected":false},"author":4,"featured_media":1452,"parent":0,"menu_order":0,"comment_status":"closed","ping_status":"closed","template":"","meta":{"footnotes":""},"yoast_head":"<!-- This site is optimized with the Yoast SEO plugin v21.5 - https:\/\/yoast.com\/wordpress\/plugins\/seo\/ -->\n<title>INMACULADA CON BUEN TIEMPO - blog oficial de masella<\/title>\n<meta name=\"robots\" content=\"index, follow, max-snippet:-1, max-image-preview:large, max-video-preview:-1\" \/>\n<link rel=\"canonical\" href=\"https:\/\/www.masella.com\/blog\/es\/inmaculada-con-buen-tiempo\/\" \/>\n<meta property=\"og:locale\" content=\"es_ES\" \/>\n<meta property=\"og:type\" content=\"article\" \/>\n<meta property=\"og:title\" content=\"INMACULADA CON BUEN TIEMPO - blog oficial de masella\" \/>\n<meta property=\"og:description\" content=\"BUEN TIEMPO EN PISTAS: Hoy las temperaturas han sido fr\u00edas de noche y son templadas de d\u00eda, con viento en\" \/>\n<meta property=\"og:url\" content=\"https:\/\/www.masella.com\/blog\/es\/inmaculada-con-buen-tiempo\/\" \/>\n<meta property=\"og:site_name\" content=\"blog oficial de masella\" \/>\n<meta property=\"og:image\" content=\"https:\/\/www.masella.com\/blog\/wp-content\/uploads\/2016\/12\/001FD.jpg\" \/>\n\t<meta property=\"og:image:width\" content=\"1200\" \/>\n\t<meta property=\"og:image:height\" content=\"900\" \/>\n\t<meta property=\"og:image:type\" content=\"image\/jpeg\" \/>\n<meta name=\"twitter:card\" content=\"summary_large_image\" \/>\n<meta name=\"twitter:label1\" content=\"Tiempo de lectura\" \/>\n\t<meta name=\"twitter:data1\" content=\"2 minutos\" \/>\n<script type=\"application\/ld+json\" class=\"yoast-schema-graph\">{\"@context\":\"https:\/\/schema.org\",\"@graph\":[{\"@type\":\"WebPage\",\"@id\":\"https:\/\/www.masella.com\/blog\/es\/inmaculada-con-buen-tiempo\/\",\"url\":\"https:\/\/www.masella.com\/blog\/es\/inmaculada-con-buen-tiempo\/\",\"name\":\"INMACULADA CON BUEN TIEMPO - blog oficial de masella\",\"isPartOf\":{\"@id\":\"https:\/\/www.masella.com\/blog\/ca\/#website\"},\"datePublished\":\"2016-12-07T13:22:14+00:00\",\"dateModified\":\"2016-12-07T13:22:14+00:00\",\"breadcrumb\":{\"@id\":\"https:\/\/www.masella.com\/blog\/es\/inmaculada-con-buen-tiempo\/#breadcrumb\"},\"inLanguage\":\"es\",\"potentialAction\":[{\"@type\":\"ReadAction\",\"target\":[\"https:\/\/www.masella.com\/blog\/es\/inmaculada-con-buen-tiempo\/\"]}]},{\"@type\":\"BreadcrumbList\",\"@id\":\"https:\/\/www.masella.com\/blog\/es\/inmaculada-con-buen-tiempo\/#breadcrumb\",\"itemListElement\":[{\"@type\":\"ListItem\",\"position\":1,\"name\":\"Portada\",\"item\":\"https:\/\/www.masella.com\/blog\/ca\/\"},{\"@type\":\"ListItem\",\"position\":2,\"name\":\"INMACULADA CON BUEN TIEMPO\"}]},{\"@type\":\"WebSite\",\"@id\":\"https:\/\/www.masella.com\/blog\/ca\/#website\",\"url\":\"https:\/\/www.masella.com\/blog\/ca\/\",\"name\":\"blog oficial de masella\",\"description\":\"\",\"publisher\":{\"@id\":\"https:\/\/www.masella.com\/blog\/ca\/#organization\"},\"potentialAction\":[{\"@type\":\"SearchAction\",\"target\":{\"@type\":\"EntryPoint\",\"urlTemplate\":\"https:\/\/www.masella.com\/blog\/ca\/?s={search_term_string}\"},\"query-input\":\"required name=search_term_string\"}],\"inLanguage\":\"es\"},{\"@type\":\"Organization\",\"@id\":\"https:\/\/www.masella.com\/blog\/ca\/#organization\",\"name\":\"blog oficial de masella\",\"url\":\"https:\/\/www.masella.com\/blog\/ca\/\",\"logo\":{\"@type\":\"ImageObject\",\"inLanguage\":\"es\",\"@id\":\"https:\/\/www.masella.com\/blog\/ca\/#\/schema\/logo\/image\/\",\"url\":\"https:\/\/www.masella.com\/blog\/wp-content\/uploads\/2022\/12\/logo-masella-es-1.png\",\"contentUrl\":\"https:\/\/www.masella.com\/blog\/wp-content\/uploads\/2022\/12\/logo-masella-es-1.png\",\"width\":150,\"height\":88,\"caption\":\"blog oficial de masella\"},\"image\":{\"@id\":\"https:\/\/www.masella.com\/blog\/ca\/#\/schema\/logo\/image\/\"}}]}<\/script>\n<!-- \/ Yoast SEO plugin. -->","yoast_head_json":{"title":"INMACULADA CON BUEN TIEMPO - blog oficial de masella","robots":{"index":"index","follow":"follow","max-snippet":"max-snippet:-1","max-image-preview":"max-image-preview:large","max-video-preview":"max-video-preview:-1"},"canonical":"https:\/\/www.masella.com\/blog\/es\/inmaculada-con-buen-tiempo\/","og_locale":"es_ES","og_type":"article","og_title":"INMACULADA CON BUEN TIEMPO - blog oficial de masella","og_description":"BUEN TIEMPO EN PISTAS: Hoy las temperaturas han sido fr\u00edas de noche y son templadas de d\u00eda, con viento en","og_url":"https:\/\/www.masella.com\/blog\/es\/inmaculada-con-buen-tiempo\/","og_site_name":"blog oficial de masella","og_image":[{"width":1200,"height":900,"url":"https:\/\/www.masella.com\/blog\/wp-content\/uploads\/2016\/12\/001FD.jpg","type":"image\/jpeg"}],"twitter_card":"summary_large_image","twitter_misc":{"Tiempo de lectura":"2 minutos"},"schema":{"@context":"https:\/\/schema.org","@graph":[{"@type":"WebPage","@id":"https:\/\/www.masella.com\/blog\/es\/inmaculada-con-buen-tiempo\/","url":"https:\/\/www.masella.com\/blog\/es\/inmaculada-con-buen-tiempo\/","name":"INMACULADA CON BUEN TIEMPO - blog oficial de masella","isPartOf":{"@id":"https:\/\/www.masella.com\/blog\/ca\/#website"},"datePublished":"2016-12-07T13:22:14+00:00","dateModified":"2016-12-07T13:22:14+00:00","breadcrumb":{"@id":"https:\/\/www.masella.com\/blog\/es\/inmaculada-con-buen-tiempo\/#breadcrumb"},"inLanguage":"es","potentialAction":[{"@type":"ReadAction","target":["https:\/\/www.masella.com\/blog\/es\/inmaculada-con-buen-tiempo\/"]}]},{"@type":"BreadcrumbList","@id":"https:\/\/www.masella.com\/blog\/es\/inmaculada-con-buen-tiempo\/#breadcrumb","itemListElement":[{"@type":"ListItem","position":1,"name":"Portada","item":"https:\/\/www.masella.com\/blog\/ca\/"},{"@type":"ListItem","position":2,"name":"INMACULADA CON BUEN TIEMPO"}]},{"@type":"WebSite","@id":"https:\/\/www.masella.com\/blog\/ca\/#website","url":"https:\/\/www.masella.com\/blog\/ca\/","name":"blog oficial de masella","description":"","publisher":{"@id":"https:\/\/www.masella.com\/blog\/ca\/#organization"},"potentialAction":[{"@type":"SearchAction","target":{"@type":"EntryPoint","urlTemplate":"https:\/\/www.masella.com\/blog\/ca\/?s={search_term_string}"},"query-input":"required name=search_term_string"}],"inLanguage":"es"},{"@type":"Organization","@id":"https:\/\/www.masella.com\/blog\/ca\/#organization","name":"blog oficial de masella","url":"https:\/\/www.masella.com\/blog\/ca\/","logo":{"@type":"ImageObject","inLanguage":"es","@id":"https:\/\/www.masella.com\/blog\/ca\/#\/schema\/logo\/image\/","url":"https:\/\/www.masella.com\/blog\/wp-content\/uploads\/2022\/12\/logo-masella-es-1.png","contentUrl":"https:\/\/www.masella.com\/blog\/wp-content\/uploads\/2022\/12\/logo-masella-es-1.png","width":150,"height":88,"caption":"blog oficial de masella"},"image":{"@id":"https:\/\/www.masella.com\/blog\/ca\/#\/schema\/logo\/image\/"}}]}},"_links":{"self":[{"href":"https:\/\/www.masella.com\/blog\/es\/wp-json\/wp\/v2\/pages\/1454"}],"collection":[{"href":"https:\/\/www.masella.com\/blog\/es\/wp-json\/wp\/v2\/pages"}],"about":[{"href":"https:\/\/www.masella.com\/blog\/es\/wp-json\/wp\/v2\/types\/page"}],"author":[{"embeddable":true,"href":"https:\/\/www.masella.com\/blog\/es\/wp-json\/wp\/v2\/users\/4"}],"replies":[{"embeddable":true,"href":"https:\/\/www.masella.com\/blog\/es\/wp-json\/wp\/v2\/comments?post=1454"}],"version-history":[{"count":1,"href":"https:\/\/www.masella.com\/blog\/es\/wp-json\/wp\/v2\/pages\/1454\/revisions"}],"predecessor-version":[{"id":1455,"href":"https:\/\/www.masella.com\/blog\/es\/wp-json\/wp\/v2\/pages\/1454\/revisions\/1455"}],"wp:featuredmedia":[{"embeddable":true,"href":"https:\/\/www.masella.com\/blog\/es\/wp-json\/wp\/v2\/media\/1452"}],"wp:attachment":[{"href":"https:\/\/www.masella.com\/blog\/es\/wp-json\/wp\/v2\/media?parent=1454"}],"curies":[{"name":"wp","href":"https:\/\/api.w.org\/{rel}","templated":true}]}}